{"id":186,"date":"2020-04-06T14:10:41","date_gmt":"2020-04-06T12:10:41","guid":{"rendered":"https:\/\/www.kippdata.de\/?page_id=186"},"modified":"2021-02-26T18:39:57","modified_gmt":"2021-02-26T17:39:57","slug":"apache","status":"publish","type":"page","link":"https:\/\/www.kippdata.de\/index.php\/apache\/","title":{"rendered":"Apache"},"content":{"rendered":"<p>[et_pb_section fb_built=&#8220;1&#8243; admin_label=&#8220;Intro&#8220; _builder_version=&#8220;4.2.2&#8243;][et_pb_row admin_label=&#8220;Intro&#8220; _builder_version=&#8220;4.2.2&#8243;][et_pb_column type=&#8220;4_4&#8243; _builder_version=&#8220;4.2.2&#8243;][et_pb_text admin_label=&#8220;Intro &#8211; Text&#8220; _builder_version=&#8220;4.2.2&#8243;]<\/p>\n<h1>Apache Tomcat<\/h1>\n<p>Der Apache Webserver hat sich als Marktf\u00fchrer unter den Webservern etabliert. Und als Web-Container ist Apache Tomcat aus den Software-Stacks von Unternehmen und Organisationen nicht mehr wegzudenken. Offene und standardisierte Technologien haben die ehemals g\u00e4ngigen Eigenentwicklungen abgel\u00f6st.<\/p>\n<p>Wir haben uns als Anbieter von L\u00f6sungen und Dienstleistungen rundum den Apache Webserver und den Tomcat Container einen Namen gemacht. Nicht zuletzt weil wir als einziges Unternehmen in Deutschland mit Rainer Jung, Gesch\u00e4ftsf\u00fchrer der kippdata, einen Apache HTTP- und Tomcat-Committer in unseren Reihen haben.<\/p>\n<p>Unser Angebot ist breit aufgef\u00e4chert und umfasst alle Bereiche rund um die popul\u00e4ren Open Source-L\u00f6sungen:<\/p>\n<ul>\n<li><a href=\"#esupport\">eSupport<\/a><\/li>\n<li><a href=\"#workshops\">Workshops<\/a><\/li>\n<li><a href=\"#lasttests\">Lasttests und Troubleshooting<\/a><\/li>\n<li><a href=\"#integration\">Integration und Best Practices<\/a><\/li>\n<li><a href=\"#module\">Apache-Module<\/a><\/li>\n<\/ul>\n<p>[\/et_pb_text][\/et_pb_column][\/et_pb_row][\/et_pb_section][et_pb_section fb_built=&#8220;1&#8243; admin_label=&#8220;eSupport&#8220; module_id=&#8220;esupport&#8220; _builder_version=&#8220;4.2.2&#8243; custom_padding=&#8220;0px||0px||false|false&#8220;][et_pb_row admin_label=&#8220;eSupport&#8220; _builder_version=&#8220;4.2.2&#8243;][et_pb_column type=&#8220;4_4&#8243; _builder_version=&#8220;4.2.2&#8243;][et_pb_text admin_label=&#8220;eSupport &#8211; Text&#8220; _builder_version=&#8220;4.2.2&#8243;]<\/p>\n<h2>eSupport<\/h2>\n<p>Im unternehmenskritischen Einsatz ist die Nutzung einer verl\u00e4ssliche Support-L\u00f6sung unabdingbar. Wir bieten ein Paket an, das Ihnen die Offenheit von Open Source zusammen mit der Zuverl\u00e4ssigkeit einer garantieren Unterst\u00fctzung im Problemfall sichert.<\/p>\n<p>[\/et_pb_text][\/et_pb_column][\/et_pb_row][\/et_pb_section][et_pb_section fb_built=&#8220;1&#8243; admin_label=&#8220;Workshops&#8220; module_id=&#8220;workshops&#8220; _builder_version=&#8220;4.2.2&#8243; custom_padding=&#8220;0px||0px||false|false&#8220;][et_pb_row admin_label=&#8220;Workshops&#8220; _builder_version=&#8220;4.2.2&#8243;][et_pb_column type=&#8220;4_4&#8243; _builder_version=&#8220;4.2.2&#8243;][et_pb_text admin_label=&#8220;Workshops &#8211; Text&#8220; _builder_version=&#8220;4.2.2&#8243; hover_enabled=&#8220;0&#8243;]<\/p>\n<h2>Workshops<\/h2>\n<p>Unsere Workshops halten Sie und Ihre Mitarbeiter auf dem neuesten Stand bez\u00fcglich der Apache-L\u00f6sungen. Sie erfahren von unseren Trainern alles \u00fcber neue Konfigurationsoptionen, Verbesserungen hinsichtlich Performance Flexibilit\u00e4t und Sicherheit und lernen Best Practices aus unserer Erfahrung kennen.<\/p>\n<p>Auch Themen rund um die Identifizierung von Ressourcen-Engp\u00e4ssen kommen nicht zu kurz. Die fundierte Analyse von Performance-Problemen ist der erste Schritt auf dem Weg zur kompententen Behebung. Wir bieten Seminare zur Analyse von Thread-Dumps und zum detaillierten Verst\u00e4ndnis der Java Garbarge-Collection an.<\/p>\n<p>[\/et_pb_text][\/et_pb_column][\/et_pb_row][\/et_pb_section][et_pb_section fb_built=&#8220;1&#8243; admin_label=&#8220;Lasttests&#8220; module_id=&#8220;lasttests&#8220; _builder_version=&#8220;4.2.2&#8243; custom_padding=&#8220;0px||0px||false|false&#8220;][et_pb_row admin_label=&#8220;Lasttests&#8220; _builder_version=&#8220;4.2.2&#8243;][et_pb_column type=&#8220;4_4&#8243; _builder_version=&#8220;4.2.2&#8243;][et_pb_text admin_label=&#8220;Lasttests &#8211; Text&#8220; _builder_version=&#8220;4.2.2&#8243;]<\/p>\n<h2>Lasttests<\/h2>\n<p>Manchmal muss man wirklich sicher sein. Dass der Webshop die Spitzenlast aush\u00e4lt, dass die Umfrage von allen bedient werden kann, dass die Informationsseite immer erreicht wird. Und damit man sicher sein kann, braucht es Verfahren vor Eintritt des kritischen Ereignisses.<\/p>\n<p>Lasttests sind das Mittel der Wahl. Wir f\u00fchren seit vielen Jahren f\u00fcr unsere Kunden Lasttests durch und nutzen dabei etablierte Werkzeuge aus der Praxis. Unsere langj\u00e4hrige Erfahrung hilft bei der schnellen und kompetenten Einsch\u00e4tzung der Beobachtungen. Und das hilft Ihnen, denn Sie wissen genau, ob und was Sie noch tun m\u00fcssen.<\/p>\n<p>[\/et_pb_text][\/et_pb_column][\/et_pb_row][\/et_pb_section][et_pb_section fb_built=&#8220;1&#8243; admin_label=&#8220;Integration&#8220; module_id=&#8220;integration&#8220; _builder_version=&#8220;4.2.2&#8243; custom_padding=&#8220;0px||0px||false|false&#8220;][et_pb_row admin_label=&#8220;Integration&#8220; _builder_version=&#8220;4.2.2&#8243;][et_pb_column type=&#8220;4_4&#8243; _builder_version=&#8220;4.2.2&#8243;][et_pb_text admin_label=&#8220;Integration &#8211; Text&#8220; _builder_version=&#8220;4.2.2&#8243;]<\/p>\n<h2>Integration und Best Practices<\/h2>\n<div itemprop=\"articleBody\">\n<p>Vern\u00fcnftige System-Integration erfordert tiefgehendes Wissen \u00fcber Aufbau und Funktionsweise der eingesetzten Komponenten. Wir unterst\u00fctzen Sie in allen Phasen Ihres Apache Integrationsprojektes:<\/p>\n<ul>\n<li>Design &amp; Konzept: Was sollte bei der Planung von Apache-Tomcat-Architekturen ber\u00fccksichtigt werden? Wir entwerfen gemeinsam mit Ihnen ein tragf\u00e4higes und robustes System-Design, das auch in die Zukunft hinein skalierbar ist.<\/li>\n<li>Integration &amp; Betriebsaufnahme: Wo liegen die Stolpersteine einer Apache-Tomcat- Implementierung? Unsere Praxiserfahrung garantiert, dass Sie mit der geplanten L\u00f6sung zeitnah und kontrolliert in Produktion gehen.<\/li>\n<li>Begleitung &amp; Support: Auch ein Webserver braucht einmal Support. Wir unterst\u00fctzen das administrative Personal direkt vor Ort oder durch definierte Supportservices.<\/li>\n<\/ul>\n<\/div>\n<p>[\/et_pb_text][\/et_pb_column][\/et_pb_row][\/et_pb_section][et_pb_section fb_built=&#8220;1&#8243; admin_label=&#8220;Module&#8220; module_id=&#8220;module&#8220; _builder_version=&#8220;4.2.2&#8243; custom_padding=&#8220;0px||0px||false|false&#8220;][et_pb_row admin_label=&#8220;Module&#8220; _builder_version=&#8220;4.2.2&#8243;][et_pb_column type=&#8220;4_4&#8243; _builder_version=&#8220;4.2.2&#8243;][et_pb_text admin_label=&#8220;Module &#8211; Text&#8220; _builder_version=&#8220;4.2.2&#8243;]<\/p>\n<h2>Apache-Module<\/h2>\n<p align=\"left\">F\u00fcr den Einsatz im professionellen Webservices-Umfeld wurde von kippdata <strong>mod_overload<\/strong> konzipiert und entwickelt. Dabei handelt es sich um eine Ventil-Funktion, mit der ein drohender Bearbeitungsstau bei \u00dcberlast behandelt und kanalisiert werden kann. Grund f\u00fcr solche Engp\u00e4sse sind in der Regel eine \u00fcberdurchschnittliche Anzahl von Benutzern, die zur selben Zeit auf bestimmte Webservices zugreifen wollen.<\/p>\n<p align=\"left\">Um solchen Situationen nicht sofort mit dem Nachkauf von Loadbalancer- und Server-Hardware und Installation weiterer Apache-Instanzen zu begegnen, empfiehlt sich ein schlankes Software-Modul, das sofort eingesetzt werden kann. Genau dies bietet <strong>mod_overload<\/strong>.<\/p>\n<p>[\/et_pb_text][\/et_pb_column][\/et_pb_row][\/et_pb_section]<\/p>\n","protected":false},"excerpt":{"rendered":"<p>Apache Tomcat Der Apache Webserver hat sich als Marktf\u00fchrer unter den Webservern etabliert. Und als Web-Container ist Apache Tomcat aus den Software-Stacks von Unternehmen und Organisationen nicht mehr wegzudenken. Offene und standardisierte Technologien haben die ehemals g\u00e4ngigen Eigenentwicklungen abgel\u00f6st. Wir haben uns als Anbieter von L\u00f6sungen und Dienstleistungen rundum den Apache Webserver und den Tomcat [&hellip;]<\/p>\n","protected":false},"author":1,"featured_media":0,"parent":0,"menu_order":0,"comment_status":"closed","ping_status":"closed","template":"","meta":{"_et_pb_use_builder":"on","_et_pb_old_content":"","_et_gb_content_width":"","footnotes":""},"class_list":["post-186","page","type-page","status-publish","hentry"],"_links":{"self":[{"href":"https:\/\/www.kippdata.de\/index.php\/wp-json\/wp\/v2\/pages\/186","targetHints":{"allow":["GET"]}}],"collection":[{"href":"https:\/\/www.kippdata.de\/index.php\/wp-json\/wp\/v2\/pages"}],"about":[{"href":"https:\/\/www.kippdata.de\/index.php\/wp-json\/wp\/v2\/types\/page"}],"author":[{"embeddable":true,"href":"https:\/\/www.kippdata.de\/index.php\/wp-json\/wp\/v2\/users\/1"}],"replies":[{"embeddable":true,"href":"https:\/\/www.kippdata.de\/index.php\/wp-json\/wp\/v2\/comments?post=186"}],"version-history":[{"count":13,"href":"https:\/\/www.kippdata.de\/index.php\/wp-json\/wp\/v2\/pages\/186\/revisions"}],"predecessor-version":[{"id":392,"href":"https:\/\/www.kippdata.de\/index.php\/wp-json\/wp\/v2\/pages\/186\/revisions\/392"}],"wp:attachment":[{"href":"https:\/\/www.kippdata.de\/index.php\/wp-json\/wp\/v2\/media?parent=186"}],"curies":[{"name":"wp","href":"https:\/\/api.w.org\/{rel}","templated":true}]}}