{"id":210,"date":"2020-04-06T14:25:27","date_gmt":"2020-04-06T12:25:27","guid":{"rendered":"https:\/\/www.kippdata.de\/?page_id=210"},"modified":"2023-09-04T16:29:21","modified_gmt":"2023-09-04T14:29:21","slug":"webentwicklung","status":"publish","type":"page","link":"https:\/\/www.kippdata.de\/index.php\/webentwicklung\/","title":{"rendered":"Webentwicklung"},"content":{"rendered":"<p>[et_pb_section fb_built=&#8220;1&#8243; admin_label=&#8220;Intro&#8220; _builder_version=&#8220;4.16&#8243; global_colors_info=&#8220;{}&#8220;][et_pb_row admin_label=&#8220;Intro&#8220; _builder_version=&#8220;4.16&#8243; global_colors_info=&#8220;{}&#8220;][et_pb_column type=&#8220;4_4&#8243; _builder_version=&#8220;4.16&#8243; global_colors_info=&#8220;{}&#8220;][et_pb_text admin_label=&#8220;Intro &#8211; Text&#8220; _builder_version=&#8220;4.16&#8243; global_colors_info=&#8220;{}&#8220;]<\/p>\n<h1>Webentwicklung<\/h1>\n<p>&nbsp;<\/p>\n<p>Webentwicklung bei kippdata bedeutet mehr als die Nutzung von HTML, CSS oder Javascript, um spannende moderne Websites zu erstellen. Das tun wir nat\u00fcrlich auch. Aber wir machen Softwareentwicklung schon seit mehr zwei Jahrzehnten \u2013 f\u00fcr unsere Kunden und intern f\u00fcr <a href=\"https:\/\/www.placeit.de\" target=\"_blank\" rel=\"noopener noreferrer\">unsere Produkte<\/a>.<\/p>\n<p>Wenn Ihre Website gr\u00f6\u00dfere Mengen an Informationen bereitstellen soll, wenn Sie einen Webshop integrieren wollen, wenn Sie f\u00fcr Ihre Nutzer einen gesch\u00fctzten Informationsbereich ben\u00f6tigen, wenn Sie also einfach mehr wollen, als Sie von der Stange bekommen k\u00f6nnen, dann sprechen Sie mit uns:<\/p>\n<ul>\n<li><a href=\"#individualentwicklung\">Individualentwicklung<\/a><\/li>\n<li><a href=\"#java\">Java, HTML5, Javascript, PHP<\/a><\/li>\n<li><a href=\"#joomla\">Joomla, WordPress<\/a><\/li>\n<li><a href=\"#projekte\">Projekte<\/a><\/li>\n<\/ul>\n<p>Das sind nur einige der Stichworte, die Sie zu uns f\u00fchren k\u00f6nnten. Sprechen Sie gerne mit uns.<\/p>\n<p>[\/et_pb_text][\/et_pb_column][\/et_pb_row][\/et_pb_section][et_pb_section fb_built=&#8220;1&#8243; admin_label=&#8220;Individualentwicklung&#8220; module_id=&#8220;individualentwicklung&#8220; _builder_version=&#8220;4.16&#8243; global_colors_info=&#8220;{}&#8220;][et_pb_row admin_label=&#8220;Individualentwicklung&#8220; _builder_version=&#8220;4.16&#8243; global_colors_info=&#8220;{}&#8220;][et_pb_column type=&#8220;4_4&#8243; _builder_version=&#8220;4.16&#8243; global_colors_info=&#8220;{}&#8220;][et_pb_text admin_label=&#8220;Individualentwicklung &#8211; Text&#8220; _builder_version=&#8220;4.16&#8243; global_colors_info=&#8220;{}&#8220;]<\/p>\n<h2>Auftragsentwicklung<\/h2>\n<div itemprop=\"articleBody\">\n<div class=\"text\">\n<p>Individuelle Auftragsentwicklung kommt dann zum Tragen, wenn sogenannte \u201cStandardl\u00f6sungen\u201d nicht ausreichen und spezifische Fragestellungen gel\u00f6st werden m\u00fcssen. Dann sind versierte Software-Entwickler gefragt, zu analysieren, nach individuellen Vorgaben zu entwickeln und die L\u00f6sung reibungslos zu implementieren.<\/p>\n<p>Ma\u00dfgeschneiderte Softwarel\u00f6sungen sind unser Metier. Wir unterst\u00fctzen Sie in s\u00e4mtlichen Phasen der Softwareentwicklung. Sei es<\/p>\n<ul>\n<li>Entwurf und Umsetzung von Architekturen,<\/li>\n<li>Entwurf, Konzept und Erstellung von Anwendungen,<\/li>\n<li>Design und Realisierung von Datenbank-Anwendungen,<\/li>\n<li>Umsetzung in verschiedenen, g\u00e4ngigen Technologien<\/li>\n<\/ul>\n<p>&#8211; als offenes und neutrales Entwickler- und Berater-Team arbeiten wir mit den aktuellsten Softwareentwicklungsmethoden und stehen Ihnen gerne mit unserem Wissen zur Seite.<\/p>\n<p>Wir erarbeiten gemeinsam mit dem Auftraggeber eine grobe Spezifikation des gesamten Vorhabens als Leitlinie. Dann erstellen wir in kleinen Schritten Versionen der L\u00f6sung, die der Kunde sehr fr\u00fch anschauen und gemeinsam mit uns bewerten kann. So vermeiden wir kostspielige Fehlentwicklungen. Da wir in der Implementierung alle modernen Ans\u00e4tze der Modularisierung und Objektorientierung anwenden, k\u00f6nnen wir zu jedem Zeitpunkt auch Erweiterungen und Teil\u00e4nderungen durchf\u00fchren, ohne dass die Stabilit\u00e4t des Gesamtsystems in Gefahr ger\u00e4t. Unser Entwicklerteam erf\u00fcllt Ihre spezifischen Anforderungen und liefert genau die Software, die zu Ihren Prozessen und Ihrem Unternehmen passt \u2013 wie ein ma\u00dfgeschneiderter Anzug.<\/p>\n<\/div>\n<\/div>\n<p>[\/et_pb_text][\/et_pb_column][\/et_pb_row][\/et_pb_section][et_pb_section fb_built=&#8220;1&#8243; admin_label=&#8220;Java&#8220; module_id=&#8220;java&#8220; _builder_version=&#8220;4.16&#8243; collapsed=&#8220;off&#8220; global_colors_info=&#8220;{}&#8220;][et_pb_row admin_label=&#8220;Java&#8220; _builder_version=&#8220;4.16&#8243; global_colors_info=&#8220;{}&#8220;][et_pb_column type=&#8220;4_4&#8243; _builder_version=&#8220;4.16&#8243; global_colors_info=&#8220;{}&#8220;][et_pb_text admin_label=&#8220;Java &#8211; Text&#8220; _builder_version=&#8220;4.21.0&#8243; hover_enabled=&#8220;0&#8243; global_colors_info=&#8220;{}&#8220; sticky_enabled=&#8220;0&#8243;]<\/p>\n<h2>Java, HTML5, Javascript und PHP<\/h2>\n<p>Moderne Webentwicklung ist mehr als die gute Gestaltung von Webseiten und die Anbindung einer Datenbank. Was heute Full Stack-Entwicklung genannt wird, ist f\u00fcr uns seit mehr als anderthalb Jahrzehnten das Entwicklungs-Paradigma. Unsere Entwickler f\u00fchlen sich auf einer realtionalen Datenbank ebenso zuhause wie auf MongoDB. Wir nutzen Java auf dem Backend zur robusten Implementierung von Gesch\u00e4ftslogik. H\u00f6chste Sicherheitsanspr\u00fcche kennen wir aus dem Finanzdienstleistungsbereich.<\/p>\n<p>Schon seit langem sch\u00e4tzen und nutzen wir den Browser als Plattform f\u00fcr Clientanwendungen. Wir verwenden modernste Technik wie HTML5 und CSS3, um f\u00fcr unsere Kunden funktionale und intuitiv bedienbare Anwendungen zu implementieren.<\/p>\n<p>[\/et_pb_text][\/et_pb_column][\/et_pb_row][\/et_pb_section][et_pb_section fb_built=&#8220;1&#8243; admin_label=&#8220;Joomla &#8230;&#8220; module_id=&#8220;joomla&#8220; _builder_version=&#8220;4.16&#8243; global_colors_info=&#8220;{}&#8220;][et_pb_row admin_label=&#8220;Joomla &#8230;&#8220; _builder_version=&#8220;4.16&#8243; global_colors_info=&#8220;{}&#8220;][et_pb_column type=&#8220;4_4&#8243; _builder_version=&#8220;4.16&#8243; global_colors_info=&#8220;{}&#8220;][et_pb_text admin_label=&#8220;Joomla &#8230; &#8211; Text&#8220; _builder_version=&#8220;4.16&#8243; global_colors_info=&#8220;{}&#8220;]<\/p>\n<h2>Webanwendungen mit Joomla und WordPress<\/h2>\n<p>Nicht immer braucht es gleich eine komplexe Individualentwicklung, es soll <em>nur<\/em> eine Website mit einigen erweiterten Features sein. Dann kommt es zum einen auf das Design an und zum andern auf die gute Integration dieser Features. So ein Feature kann ein Shop sein, eine Datenbank mit Informationen, eine umfangreichere Dokumentensammlung.<\/p>\n<p>In so einem Fall arbeiten wir mit unserem Partner <a href=\"https:\/\/www.kreativ-konzept.com\/\" target=\"_blank\" rel=\"noopener noreferrer\">Kreativ Konzept<\/a> zusammen, um modernes und passgenaues Design mit innovativer IT zusammenzubringen. Wir setzen Joomla und WordPress, um eine robuste und bew\u00e4hrte Plattform zur Verf\u00fcgung zu haben und erg\u00e4nzen diese Plattform um die individuell erforderlichen Komponenten.<\/p>\n<p>[\/et_pb_text][\/et_pb_column][\/et_pb_row][\/et_pb_section][et_pb_section fb_built=&#8220;1&#8243; admin_label=&#8220;Projekte&#8220; module_id=&#8220;projekte&#8220; _builder_version=&#8220;4.16&#8243; global_colors_info=&#8220;{}&#8220;][et_pb_row admin_label=&#8220;Projekte&#8220; _builder_version=&#8220;4.16&#8243; global_colors_info=&#8220;{}&#8220;][et_pb_column type=&#8220;4_4&#8243; _builder_version=&#8220;4.16&#8243; global_colors_info=&#8220;{}&#8220;][et_pb_text admin_label=&#8220;Projekte &#8211; Text&#8220; _builder_version=&#8220;4.16&#8243; global_colors_info=&#8220;{}&#8220;]<\/p>\n<h2>Projekte<\/h2>\n<p>Nat\u00fcrlich arbeiten wir auch in Ihren Projekten mit. Bisweilen ben\u00f6tigen Sie Spezialisten auf Zeit, die einen Engpass beseitigen, spezielles Know How haben \u2013 oder einfach nur einen Blick von au\u00dfen einbringen.<\/p>\n<p>In all diesen F\u00e4llen stehen wir Ihnen zur Verf\u00fcgung. Wir unterst\u00fctzen Sie mit Dienstleistungen rund um die Themen Java, PHP und Javascript. Oder machen Workshops in Ihrem Hause, um Ihre Entwickler fit zu machen. Damit Ihre Projekte schneller zu Ihrem Unternehmenserfolg beitragen k\u00f6nnen.<\/p>\n<p>[\/et_pb_text][\/et_pb_column][\/et_pb_row][\/et_pb_section]<\/p>\n","protected":false},"excerpt":{"rendered":"<p>Webentwicklung &nbsp; Webentwicklung bei kippdata bedeutet mehr als die Nutzung von HTML, CSS oder Javascript, um spannende moderne Websites zu erstellen. Das tun wir nat\u00fcrlich auch. Aber wir machen Softwareentwicklung schon seit mehr zwei Jahrzehnten \u2013 f\u00fcr unsere Kunden und intern f\u00fcr unsere Produkte. Wenn Ihre Website gr\u00f6\u00dfere Mengen an Informationen bereitstellen soll, wenn Sie [&hellip;]<\/p>\n","protected":false},"author":1,"featured_media":0,"parent":0,"menu_order":0,"comment_status":"closed","ping_status":"closed","template":"","meta":{"_et_pb_use_builder":"on","_et_pb_old_content":"","_et_gb_content_width":"","footnotes":""},"class_list":["post-210","page","type-page","status-publish","hentry"],"_links":{"self":[{"href":"https:\/\/www.kippdata.de\/index.php\/wp-json\/wp\/v2\/pages\/210","targetHints":{"allow":["GET"]}}],"collection":[{"href":"https:\/\/www.kippdata.de\/index.php\/wp-json\/wp\/v2\/pages"}],"about":[{"href":"https:\/\/www.kippdata.de\/index.php\/wp-json\/wp\/v2\/types\/page"}],"author":[{"embeddable":true,"href":"https:\/\/www.kippdata.de\/index.php\/wp-json\/wp\/v2\/users\/1"}],"replies":[{"embeddable":true,"href":"https:\/\/www.kippdata.de\/index.php\/wp-json\/wp\/v2\/comments?post=210"}],"version-history":[{"count":16,"href":"https:\/\/www.kippdata.de\/index.php\/wp-json\/wp\/v2\/pages\/210\/revisions"}],"predecessor-version":[{"id":476,"href":"https:\/\/www.kippdata.de\/index.php\/wp-json\/wp\/v2\/pages\/210\/revisions\/476"}],"wp:attachment":[{"href":"https:\/\/www.kippdata.de\/index.php\/wp-json\/wp\/v2\/media?parent=210"}],"curies":[{"name":"wp","href":"https:\/\/api.w.org\/{rel}","templated":true}]}}