{"id":214,"date":"2020-04-06T14:27:54","date_gmt":"2020-04-06T12:27:54","guid":{"rendered":"https:\/\/www.kippdata.de\/?page_id=214"},"modified":"2020-04-06T22:41:03","modified_gmt":"2020-04-06T20:41:03","slug":"solr","status":"publish","type":"page","link":"https:\/\/www.kippdata.de\/index.php\/solr\/","title":{"rendered":"Solr"},"content":{"rendered":"<p>[et_pb_section fb_built=&#8220;1&#8243; _builder_version=&#8220;4.2.2&#8243; hover_enabled=&#8220;0&#8243; admin_label=&#8220;Intro&#8220;][et_pb_row _builder_version=&#8220;4.2.2&#8243; hover_enabled=&#8220;0&#8243; admin_label=&#8220;Intro&#8220;][et_pb_column type=&#8220;4_4&#8243; _builder_version=&#8220;4.2.2&#8243;][et_pb_text _builder_version=&#8220;4.2.2&#8243; hover_enabled=&#8220;0&#8243; admin_label=&#8220;Intro &#8211; Text&#8220;]<\/p>\n<h1>Suchanwendungen mit Apache Solr<\/h1>\n<div class=\"text\">\n<p>kippdata hat sich auf intelligente L\u00f6sungen f\u00fcr Spezialsuchen spezialisiert. Dabei setzen wir bevorzugt die Plattform Solr ein, die auf Lucene aufsetzt.\u00a0 Sie ist eine der vielseitigsten und flexibelsten L\u00f6sungen am Markt. Eigenes, tiefgehendes Know-How \u00fcber Lucene und Solr und umfangreiche Erfahrung mit der Open Source Technologie, sowie die enge Verbindung der kippdata zur Apache Software Foundation (ASF), bei der die Projekte Lucene und Solr angesiedelt sind, garantieren auch die erfolgreich Umsetzung von komplexen Anforderungen.<\/p>\n<p>Informieren Sie sich und lassen Sie sich inspirieren von den folgenden Themen rund um moderne Spezialsuche:<\/p>\n<\/div>\n<ul>\n<li><a href=\"#suchprojekte\">Suchprojekte<\/a><\/li>\n<li><a href=\"#workshops\">Solr-Workshops<\/a><\/li>\n<li><a href=\"#review\">Review<\/a><\/li>\n<\/ul>\n<p>[\/et_pb_text][\/et_pb_column][\/et_pb_row][\/et_pb_section][et_pb_section fb_built=&#8220;1&#8243; _builder_version=&#8220;4.2.2&#8243; admin_label=&#8220;Suchprojekte&#8220; module_id=&#8220;suchprojekte&#8220; hover_enabled=&#8220;0&#8243;][et_pb_row _builder_version=&#8220;4.2.2&#8243; admin_label=&#8220;Suchprojekte&#8220; hover_enabled=&#8220;0&#8243;][et_pb_column _builder_version=&#8220;4.2.2&#8243; type=&#8220;4_4&#8243;][et_pb_text _builder_version=&#8220;4.2.2&#8243; admin_label=&#8220;Suchprojekte &#8211; Text&#8220; hover_enabled=&#8220;0&#8243;]<\/p>\n<h2>Suchprojekte<\/h2>\n<p>\u00a0M\u00f6chten Sie eine Suchfunktion einbauen oder soll sie erneuert werden, setzen wir f\u00fcr Sie ein Such-Projekt auf und \u00fcbernehmen alle anfallenden Aufgaben von der Planung bis zur Umsetzung. Ein sorgf\u00e4ltiger Review der Suchanwendung hilft, angemessene Entscheidungen \u00fcber die Architektur insgesamt, die Erfassung der Dokumente und die Strukturierung des Such-Indexes zu treffen. Eine Inhaltsanalyse und Kategorisierung der Dokumente ist auch als eigenst\u00e4ndige Dienstleistung m\u00f6glich. Unser Spektrum an Angeboten im Umfeld von Lucene\/Solr erweitert sich st\u00e4ndig.<\/p>\n<p>[\/et_pb_text][et_pb_toggle _builder_version=&#8220;4.2.2&#8243; title=&#8220;Planung und Unterst\u00fctzung leicht gemacht &#8230;&#8220; hover_enabled=&#8220;0&#8243; admin_label=&#8220;Details&#8220;]<\/p>\n<div class=\"text\">\n<p>Die Anforderungen an Such-Projekte steigen best\u00e4ndig. Wichtigstes Erfolgskriterium f\u00fcr eine gute Such-L\u00f6sung ist die Qualit\u00e4t der Treffer. Um einen m\u00f6glichst hohen Prozentsatz von sinnvollen Suchergebnissen zu erreichen, bedarf es neben IT-Fachwissen auch sehr gute Kenntnisse aus der Linguistik und Bereichen der Mathematik. kippdata kann in diesem Bereich besonderes Know-how vorweisen.<\/p>\n<p>Vom Konzept bis zur Implementierung bieten wir alle erforderlichen Services f\u00fcr Suchprojekte. Gemeinsam mit unseren Kunden entwickeln wir Konzept und Zeitplan f\u00fcr das Projekt. Wir finden L\u00f6sungen f\u00fcr die Einbindung verschiedenartiger Datenquellen wie Webseiten, Filesysteme, Datenbanken oder Mailarchive und die Verarbeitung verschiedener Dokumentformate. Besonders kennen wir uns mit verschiedenen Verfahren der Textanalyse und der automatischen Kategorisierung von Dokumenten aus.<\/p>\n<p>In unseren Such-Projekten nutzen wir die offene Suchtechnolgie von Lucene und Solr, weil sie vielseitig und flexibel einsetzbar ist. Wir haben Erfahrung mit der umfangreichen Installation und Konfiguration der L\u00f6sung und k\u00f6nnen bei Bedarf auch eigene Erweiterungsmodule zum Projekt beisteuern oder vorhandene integrieren.<\/p>\n<p>Die Such-L\u00f6sung dann in eine komplexe Umgebung einzubinden, ist eine anspruchsvolle Herausforderung, die wir gerne annehmen. Reibungslose, planm\u00e4\u00dfige Umsetzung geh\u00f6rt zu unseren St\u00e4rken. Wenden Sie sich mit Ihrem individuellen Suchprojekt vertrauensvoll an kippdata.<\/p>\n<\/div>\n<p>[\/et_pb_toggle][\/et_pb_column][\/et_pb_row][\/et_pb_section][et_pb_section fb_built=&#8220;1&#8243; _builder_version=&#8220;4.2.2&#8243; admin_label=&#8220;Workshops&#8220; module_id=&#8220;workshops&#8220; hover_enabled=&#8220;0&#8243;][et_pb_row _builder_version=&#8220;4.2.2&#8243; admin_label=&#8220;Workshops&#8220; hover_enabled=&#8220;0&#8243;][et_pb_column _builder_version=&#8220;4.2.2&#8243; type=&#8220;4_4&#8243;][et_pb_text _builder_version=&#8220;4.2.2&#8243; admin_label=&#8220;Workshops &#8211; Text&#8220; hover_enabled=&#8220;0&#8243;]<\/p>\n<h2>Workshops<\/h2>\n<div itemprop=\"articleBody\">\n<div class=\"text\">\n<p>Um einen ersten \u00dcberblick \u00fcber die Thematik zu geben, bietet die kippdata einen Workshop zum Thema Suchen, Finden und Kategorisieren mit Lucene und Solr an. Der Workshop kann je nach Bedarf des Kunden f\u00fcr einen oder f\u00fcr zwei Tage gebucht werden.<\/p>\n<p><u><strong>Solr im \u00dcberblick \u2013 Eint\u00e4giger Workshop<\/strong><\/u><br \/>liefert die wichtigsten Aspekte von Lucene und Solr und legt den Schwerpunkt auf die theoretische Darstellung der Techniken.<\/p>\n<p><u><strong>Solr in Theorie und Praxis \u2013 Zweit\u00e4giger Workshop (inkl. Inhalte des Eintagesworkshops)<\/strong><\/u><br \/>liefert ebenfalls den theoretischen \u00dcberblick und dazu praktische \u00dcbungen f\u00fcr Einsteiger und Fortgeschrittene.<\/p>\n<\/div>\n<\/div>\n<p>[\/et_pb_text][\/et_pb_column][\/et_pb_row][\/et_pb_section][et_pb_section fb_built=&#8220;1&#8243; _builder_version=&#8220;4.2.2&#8243; admin_label=&#8220;Review&#8220; module_id=&#8220;review&#8220; hover_enabled=&#8220;0&#8243;][et_pb_row _builder_version=&#8220;4.2.2&#8243; admin_label=&#8220;Review&#8220; hover_enabled=&#8220;0&#8243;][et_pb_column _builder_version=&#8220;4.2.2&#8243; type=&#8220;4_4&#8243;][et_pb_text _builder_version=&#8220;4.2.2&#8243; admin_label=&#8220;Review &#8211; Text&#8220; hover_enabled=&#8220;0&#8243;]<\/p>\n<h2>Reviews<\/h2>\n<div class=\"text\">\n<p>kippdata hat sich auf Suchanwendungen mit Lucene\/Solr spezialisiert und viel Erfahrung in Suchprojekten gesammelt. Dabei konnten wir feststellen, wie wertvoll Reviews in den verschiedenen Projektphasen sein k\u00f6nnen. Ob es sich um ein v\u00f6llig neues Suchprojekt oder um die Erweiterung einer bereits implementierten Anwendung handelt, der Review verschafft einen \u00dcberblick \u00fcber die gesamte Struktur und gibt die Sicherheit, dass die richtigen Entscheidungen getroffen werden k\u00f6nnen.<\/p>\n<p>&nbsp;<\/p>\n<\/div>\n<p>[\/et_pb_text][et_pb_toggle _builder_version=&#8220;4.2.2&#8243; title=&#8220;Auf die Erfahrung kommt es an &#8230;&#8220; hover_enabled=&#8220;0&#8243;]<\/p>\n<p>F\u00fcr Reviews von Suchanwendungen gelten spezielle Anforderungen: Kenntnisse in Linguistik, \u00fcber die Strukturierung von Indexen und die Bewertung von Trefferlisten sind gefragt, um die Qualit\u00e4t einer Such-L\u00f6sung beurteilen zu k\u00f6nnen. Der Einsatz von fortgeschrittenen Suchverfahren muss diskutiert werden, denn sie machen den Unterschied zu einer Standard-L\u00f6sung und steigern die Qualit\u00e4t der Treffer betr\u00e4chtlich.<\/p>\n<p>Unsere Experten haben gro\u00dfe Erfahrung hinsichtlich komplexer Suchanwendungen. Ihr spezielles Wissen fliesst in unsere Reviews ein und garantiert ein optimales Ergebnis, das das Such-Projekt in den Details aber auch seiner Gesamtheit umfangreich beleuchtet und bewertet. So produzieren wir f\u00fcr unsere Kunden eine solide Grundlage f\u00fcr die Realisierung Ihres individuellen Suchprojektes.<\/p>\n<p>[\/et_pb_toggle][\/et_pb_column][\/et_pb_row][\/et_pb_section]<\/p>\n","protected":false},"excerpt":{"rendered":"<p>Suchanwendungen mit Apache Solr kippdata hat sich auf intelligente L\u00f6sungen f\u00fcr Spezialsuchen spezialisiert. Dabei setzen wir bevorzugt die Plattform Solr ein, die auf Lucene aufsetzt.\u00a0 Sie ist eine der vielseitigsten und flexibelsten L\u00f6sungen am Markt. Eigenes, tiefgehendes Know-How \u00fcber Lucene und Solr und umfangreiche Erfahrung mit der Open Source Technologie, sowie die enge Verbindung der [&hellip;]<\/p>\n","protected":false},"author":1,"featured_media":0,"parent":0,"menu_order":0,"comment_status":"closed","ping_status":"closed","template":"","meta":{"_et_pb_use_builder":"on","_et_pb_old_content":"","_et_gb_content_width":"","footnotes":""},"class_list":["post-214","page","type-page","status-publish","hentry"],"_links":{"self":[{"href":"https:\/\/www.kippdata.de\/index.php\/wp-json\/wp\/v2\/pages\/214","targetHints":{"allow":["GET"]}}],"collection":[{"href":"https:\/\/www.kippdata.de\/index.php\/wp-json\/wp\/v2\/pages"}],"about":[{"href":"https:\/\/www.kippdata.de\/index.php\/wp-json\/wp\/v2\/types\/page"}],"author":[{"embeddable":true,"href":"https:\/\/www.kippdata.de\/index.php\/wp-json\/wp\/v2\/users\/1"}],"replies":[{"embeddable":true,"href":"https:\/\/www.kippdata.de\/index.php\/wp-json\/wp\/v2\/comments?post=214"}],"version-history":[{"count":11,"href":"https:\/\/www.kippdata.de\/index.php\/wp-json\/wp\/v2\/pages\/214\/revisions"}],"predecessor-version":[{"id":317,"href":"https:\/\/www.kippdata.de\/index.php\/wp-json\/wp\/v2\/pages\/214\/revisions\/317"}],"wp:attachment":[{"href":"https:\/\/www.kippdata.de\/index.php\/wp-json\/wp\/v2\/media?parent=214"}],"curies":[{"name":"wp","href":"https:\/\/api.w.org\/{rel}","templated":true}]}}