{"id":236,"date":"2020-04-06T15:10:42","date_gmt":"2020-04-06T13:10:42","guid":{"rendered":"https:\/\/www.kippdata.de\/?page_id=236"},"modified":"2020-04-06T15:19:03","modified_gmt":"2020-04-06T13:19:03","slug":"impressum","status":"publish","type":"page","link":"https:\/\/www.kippdata.de\/index.php\/impressum\/","title":{"rendered":"Impressum"},"content":{"rendered":"<p>[et_pb_section fb_built=&#8220;1&#8243; admin_label=&#8220;Impressum&#8220; _builder_version=&#8220;4.2.2&#8243;][et_pb_row _builder_version=&#8220;4.2.2&#8243;][et_pb_column type=&#8220;4_4&#8243; _builder_version=&#8220;4.2.2&#8243;][et_pb_text admin_label=&#8220;Impressum &#8211; Text&#8220; _builder_version=&#8220;4.2.2&#8243; hover_enabled=&#8220;0&#8243;]<\/p>\n<div class=\"text\">\n<h1>Impressum<\/h1>\n<p>&nbsp;<\/p>\n<h3>kippdata informationstechnologie GmbH<\/h3>\n<p>Bornheimer Str. 33a<br \/>\n53111 Bonn<\/p>\n<p>E-Mail <a href=\"mailto:info@kippdata.de\">info@kippdata.de<\/a><\/p>\n<p>Gesch\u00e4ftsf\u00fchrer:<\/p>\n<p>Dr. Thomas H\u00f6fer<br \/>\nRainer Jung<br \/>\nSven Maurmann<\/p>\n<p>HRB 8018<br \/>\nAmtsgericht Bonn<br \/>\nUSt.-IdNr. 196 457 417<\/p>\n<p><b>kippdata ist nicht verantwortlich f\u00fcr die Inhalte externer Internetseiten.<\/b>\n<\/div>\n<p>[\/et_pb_text][\/et_pb_column][\/et_pb_row][\/et_pb_section]<\/p>\n","protected":false},"excerpt":{"rendered":"<p>Impressum &nbsp; kippdata informationstechnologie GmbH Bornheimer Str. 33a 53111 Bonn E-Mail info@kippdata.de Gesch\u00e4ftsf\u00fchrer: Dr. Thomas H\u00f6fer Rainer Jung Sven Maurmann HRB 8018 Amtsgericht Bonn USt.-IdNr. 196 457 417 kippdata ist nicht verantwortlich f\u00fcr die Inhalte externer Internetseiten.<\/p>\n","protected":false},"author":1,"featured_media":0,"parent":0,"menu_order":0,"comment_status":"closed","ping_status":"closed","template":"","meta":{"_et_pb_use_builder":"on","_et_pb_old_content":"","_et_gb_content_width":"","footnotes":""},"class_list":["post-236","page","type-page","status-publish","hentry"],"_links":{"self":[{"href":"https:\/\/www.kippdata.de\/index.php\/wp-json\/wp\/v2\/pages\/236","targetHints":{"allow":["GET"]}}],"collection":[{"href":"https:\/\/www.kippdata.de\/index.php\/wp-json\/wp\/v2\/pages"}],"about":[{"href":"https:\/\/www.kippdata.de\/index.php\/wp-json\/wp\/v2\/types\/page"}],"author":[{"embeddable":true,"href":"https:\/\/www.kippdata.de\/index.php\/wp-json\/wp\/v2\/users\/1"}],"replies":[{"embeddable":true,"href":"https:\/\/www.kippdata.de\/index.php\/wp-json\/wp\/v2\/comments?post=236"}],"version-history":[{"count":6,"href":"https:\/\/www.kippdata.de\/index.php\/wp-json\/wp\/v2\/pages\/236\/revisions"}],"predecessor-version":[{"id":248,"href":"https:\/\/www.kippdata.de\/index.php\/wp-json\/wp\/v2\/pages\/236\/revisions\/248"}],"wp:attachment":[{"href":"https:\/\/www.kippdata.de\/index.php\/wp-json\/wp\/v2\/media?parent=236"}],"curies":[{"name":"wp","href":"https:\/\/api.w.org\/{rel}","templated":true}]}}